
{"id":2,"date":"2017-09-12T11:48:59","date_gmt":"2017-09-12T09:48:59","guid":{"rendered":"https:\/\/www.future.at\/blog\/?page_id=2"},"modified":"2019-02-15T16:21:25","modified_gmt":"2019-02-15T15:21:25","slug":"die-autoren","status":"publish","type":"page","link":"https:\/\/www.future.at\/blog\/die-autoren\/","title":{"rendered":"Die Autoren"},"content":{"rendered":"<p>Sie sind\u00a0zertifizierte FUTURE-Trainer, Coaches und Berater und leiten <a href=\"https:\/\/www.future.at\/\" target=\"_blank\" rel=\"noopener\">FUTURE-Ausbildungslehrg\u00e4nge und Seminare\u00a0<\/a>oder zertifizierte Coaches nach der <a href=\"https:\/\/www.future.at\/methode\/\" target=\"_blank\" rel=\"noopener\">FUTURE-Methode.<\/a><\/p>\n","protected":false},"excerpt":{"rendered":"<p>Sie sind\u00a0zertifizierte FUTURE-Trainer, Coaches und Berater und leiten FUTURE-Ausbildungslehrg\u00e4nge und Seminare\u00a0oder zertifizierte Coaches nach der FUTURE-Methode.<\/p>\n","protected":false},"author":6,"featured_media":0,"parent":0,"menu_order":0,"comment_status":"closed","ping_status":"open","template":"page-autoren.php","meta":{"footnotes":""},"coauthors":[],"class_list":["post-2","page","type-page","status-publish","hentry"],"yoast_head":"<!-- This site is optimized with the Yoast SEO plugin v27.5 - https:\/\/yoast.com\/product\/yoast-seo-wordpress\/ -->\n<title>Die Autoren: erfahrene FUTURE Trainer Coaches und Berater<\/title>\n<meta name=\"description\" content=\"Trainer, Coaches und Berater des FUTURE-Netzwerks geben Einblicke in ihre Erfahrung und Expertise anhand von Best Practice Beispielen. Sie sind Experten in der Ausbildung von Coaches und der Entwicklung von F\u00fchrungskr\u00e4ften und einer zukunftsf\u00e4higen Unternehmenskultur.\" \/>\n<meta name=\"robots\" content=\"index, follow, max-snippet:-1, max-image-preview:large, max-video-preview:-1\" \/>\n<link rel=\"canonical\" href=\"https:\/\/www.future.at\/blog\/die-autoren\/\" \/>\n<meta property=\"og:locale\" content=\"de_DE\" \/>\n<meta property=\"og:type\" content=\"article\" \/>\n<meta property=\"og:title\" content=\"Die Autoren: erfahrene FUTURE Trainer Coaches und Berater\" \/>\n<meta property=\"og:description\" content=\"Trainer, Coaches und Berater des FUTURE-Netzwerks geben Einblicke in ihre Erfahrung und Expertise anhand von Best Practice Beispielen. Sie sind Experten in der Ausbildung von Coaches und der Entwicklung von F\u00fchrungskr\u00e4ften und einer zukunftsf\u00e4higen Unternehmenskultur.\" \/>\n<meta property=\"og:url\" content=\"https:\/\/www.future.at\/blog\/die-autoren\/\" \/>\n<meta property=\"og:site_name\" content=\"FUTURE-Blog\" \/>\n<meta property=\"article:publisher\" content=\"https:\/\/www.facebook.com\/FUTURE.at\/\" \/>\n<meta property=\"article:modified_time\" content=\"2019-02-15T15:21:25+00:00\" \/>\n<meta property=\"og:image\" content=\"https:\/\/www.future.at\/blog\/wp-content\/uploads\/2017\/11\/FUTURE-Blog-Willkommen.jpg\" \/>\n\t<meta property=\"og:image:width\" content=\"1200\" \/>\n\t<meta property=\"og:image:height\" content=\"350\" \/>\n\t<meta property=\"og:image:type\" content=\"image\/jpeg\" \/>\n<meta name=\"twitter:card\" content=\"summary_large_image\" \/>\n<meta name=\"twitter:site\" content=\"@FUTURE_GmbH\" \/>\n<meta name=\"twitter:label1\" content=\"Written by\" \/>\n\t<meta name=\"twitter:data1\" content=\"admin\" \/>\n<script type=\"application\/ld+json\" class=\"yoast-schema-graph\">{\"@context\":\"https:\\\/\\\/schema.org\",\"@graph\":[{\"@type\":\"WebPage\",\"@id\":\"https:\\\/\\\/www.future.at\\\/blog\\\/die-autoren\\\/\",\"url\":\"https:\\\/\\\/www.future.at\\\/blog\\\/die-autoren\\\/\",\"name\":\"Die Autoren: erfahrene FUTURE Trainer Coaches und Berater\",\"isPartOf\":{\"@id\":\"https:\\\/\\\/www.future.at\\\/blog\\\/#website\"},\"datePublished\":\"2017-09-12T09:48:59+00:00\",\"dateModified\":\"2019-02-15T15:21:25+00:00\",\"description\":\"Trainer, Coaches und Berater des FUTURE-Netzwerks geben Einblicke in ihre Erfahrung und Expertise anhand von Best Practice Beispielen. Sie sind Experten in der Ausbildung von Coaches und der Entwicklung von F\u00fchrungskr\u00e4ften und einer zukunftsf\u00e4higen Unternehmenskultur.\",\"breadcrumb\":{\"@id\":\"https:\\\/\\\/www.future.at\\\/blog\\\/die-autoren\\\/#breadcrumb\"},\"inLanguage\":\"de\",\"potentialAction\":[{\"@type\":\"ReadAction\",\"target\":[\"https:\\\/\\\/www.future.at\\\/blog\\\/die-autoren\\\/\"]}]},{\"@type\":\"BreadcrumbList\",\"@id\":\"https:\\\/\\\/www.future.at\\\/blog\\\/die-autoren\\\/#breadcrumb\",\"itemListElement\":[{\"@type\":\"ListItem\",\"position\":1,\"name\":\"Home\",\"item\":\"https:\\\/\\\/www.future.at\\\/blog\\\/\"},{\"@type\":\"ListItem\",\"position\":2,\"name\":\"Die Autoren\"}]},{\"@type\":\"WebSite\",\"@id\":\"https:\\\/\\\/www.future.at\\\/blog\\\/#website\",\"url\":\"https:\\\/\\\/www.future.at\\\/blog\\\/\",\"name\":\"FUTURE-Blog\",\"description\":\"Inspiration und Impulse zu Leadership, Coaching, Unternehmenskultur und Erwachsenenbildung \u2013 Finden Sie hier Best Practice Beispiele\",\"publisher\":{\"@id\":\"https:\\\/\\\/www.future.at\\\/blog\\\/#organization\"},\"potentialAction\":[{\"@type\":\"SearchAction\",\"target\":{\"@type\":\"EntryPoint\",\"urlTemplate\":\"https:\\\/\\\/www.future.at\\\/blog\\\/?s={search_term_string}\"},\"query-input\":{\"@type\":\"PropertyValueSpecification\",\"valueRequired\":true,\"valueName\":\"search_term_string\"}}],\"inLanguage\":\"de\"},{\"@type\":\"Organization\",\"@id\":\"https:\\\/\\\/www.future.at\\\/blog\\\/#organization\",\"name\":\"FUTURE Training Beratung Coaching GmbH\",\"url\":\"https:\\\/\\\/www.future.at\\\/blog\\\/\",\"logo\":{\"@type\":\"ImageObject\",\"inLanguage\":\"de\",\"@id\":\"https:\\\/\\\/www.future.at\\\/blog\\\/#\\\/schema\\\/logo\\\/image\\\/\",\"url\":\"https:\\\/\\\/www.future.at\\\/blog\\\/wp-content\\\/uploads\\\/2017\\\/11\\\/FUTURE-Logo-klein-RGB.jpg\",\"contentUrl\":\"https:\\\/\\\/www.future.at\\\/blog\\\/wp-content\\\/uploads\\\/2017\\\/11\\\/FUTURE-Logo-klein-RGB.jpg\",\"width\":500,\"height\":179,\"caption\":\"FUTURE Training Beratung Coaching GmbH\"},\"image\":{\"@id\":\"https:\\\/\\\/www.future.at\\\/blog\\\/#\\\/schema\\\/logo\\\/image\\\/\"},\"sameAs\":[\"https:\\\/\\\/www.facebook.com\\\/FUTURE.at\\\/\",\"https:\\\/\\\/x.com\\\/FUTURE_GmbH\",\"https:\\\/\\\/www.linkedin.com\\\/company\\\/future-coaching-academy-international\\\/\",\"https:\\\/\\\/www.youtube.com\\\/channel\\\/UCzdc9s_FUYJx4_rtNvUYNKQ?view_as=subscriber\"]}]}<\/script>\n<!-- \/ Yoast SEO plugin. -->","yoast_head_json":{"title":"Die Autoren: erfahrene FUTURE Trainer Coaches und Berater","description":"Trainer, Coaches und Berater des FUTURE-Netzwerks geben Einblicke in ihre Erfahrung und Expertise anhand von Best Practice Beispielen. Sie sind Experten in der Ausbildung von Coaches und der Entwicklung von F\u00fchrungskr\u00e4ften und einer zukunftsf\u00e4higen Unternehmenskultur.","robots":{"index":"index","follow":"follow","max-snippet":"max-snippet:-1","max-image-preview":"max-image-preview:large","max-video-preview":"max-video-preview:-1"},"canonical":"https:\/\/www.future.at\/blog\/die-autoren\/","og_locale":"de_DE","og_type":"article","og_title":"Die Autoren: erfahrene FUTURE Trainer Coaches und Berater","og_description":"Trainer, Coaches und Berater des FUTURE-Netzwerks geben Einblicke in ihre Erfahrung und Expertise anhand von Best Practice Beispielen. Sie sind Experten in der Ausbildung von Coaches und der Entwicklung von F\u00fchrungskr\u00e4ften und einer zukunftsf\u00e4higen Unternehmenskultur.","og_url":"https:\/\/www.future.at\/blog\/die-autoren\/","og_site_name":"FUTURE-Blog","article_publisher":"https:\/\/www.facebook.com\/FUTURE.at\/","article_modified_time":"2019-02-15T15:21:25+00:00","og_image":[{"width":1200,"height":350,"url":"https:\/\/www.future.at\/blog\/wp-content\/uploads\/2017\/11\/FUTURE-Blog-Willkommen.jpg","type":"image\/jpeg"}],"twitter_card":"summary_large_image","twitter_site":"@FUTURE_GmbH","twitter_misc":{"Written by":"admin"},"schema":{"@context":"https:\/\/schema.org","@graph":[{"@type":"WebPage","@id":"https:\/\/www.future.at\/blog\/die-autoren\/","url":"https:\/\/www.future.at\/blog\/die-autoren\/","name":"Die Autoren: erfahrene FUTURE Trainer Coaches und Berater","isPartOf":{"@id":"https:\/\/www.future.at\/blog\/#website"},"datePublished":"2017-09-12T09:48:59+00:00","dateModified":"2019-02-15T15:21:25+00:00","description":"Trainer, Coaches und Berater des FUTURE-Netzwerks geben Einblicke in ihre Erfahrung und Expertise anhand von Best Practice Beispielen. Sie sind Experten in der Ausbildung von Coaches und der Entwicklung von F\u00fchrungskr\u00e4ften und einer zukunftsf\u00e4higen Unternehmenskultur.","breadcrumb":{"@id":"https:\/\/www.future.at\/blog\/die-autoren\/#breadcrumb"},"inLanguage":"de","potentialAction":[{"@type":"ReadAction","target":["https:\/\/www.future.at\/blog\/die-autoren\/"]}]},{"@type":"BreadcrumbList","@id":"https:\/\/www.future.at\/blog\/die-autoren\/#breadcrumb","itemListElement":[{"@type":"ListItem","position":1,"name":"Home","item":"https:\/\/www.future.at\/blog\/"},{"@type":"ListItem","position":2,"name":"Die Autoren"}]},{"@type":"WebSite","@id":"https:\/\/www.future.at\/blog\/#website","url":"https:\/\/www.future.at\/blog\/","name":"FUTURE-Blog","description":"Inspiration und Impulse zu Leadership, Coaching, Unternehmenskultur und Erwachsenenbildung \u2013 Finden Sie hier Best Practice Beispiele","publisher":{"@id":"https:\/\/www.future.at\/blog\/#organization"},"potentialAction":[{"@type":"SearchAction","target":{"@type":"EntryPoint","urlTemplate":"https:\/\/www.future.at\/blog\/?s={search_term_string}"},"query-input":{"@type":"PropertyValueSpecification","valueRequired":true,"valueName":"search_term_string"}}],"inLanguage":"de"},{"@type":"Organization","@id":"https:\/\/www.future.at\/blog\/#organization","name":"FUTURE Training Beratung Coaching GmbH","url":"https:\/\/www.future.at\/blog\/","logo":{"@type":"ImageObject","inLanguage":"de","@id":"https:\/\/www.future.at\/blog\/#\/schema\/logo\/image\/","url":"https:\/\/www.future.at\/blog\/wp-content\/uploads\/2017\/11\/FUTURE-Logo-klein-RGB.jpg","contentUrl":"https:\/\/www.future.at\/blog\/wp-content\/uploads\/2017\/11\/FUTURE-Logo-klein-RGB.jpg","width":500,"height":179,"caption":"FUTURE Training Beratung Coaching GmbH"},"image":{"@id":"https:\/\/www.future.at\/blog\/#\/schema\/logo\/image\/"},"sameAs":["https:\/\/www.facebook.com\/FUTURE.at\/","https:\/\/x.com\/FUTURE_GmbH","https:\/\/www.linkedin.com\/company\/future-coaching-academy-international\/","https:\/\/www.youtube.com\/channel\/UCzdc9s_FUYJx4_rtNvUYNKQ?view_as=subscriber"]}]}},"jetpack_shortlink":"https:\/\/wp.me\/P9f2Ut-2","jetpack_sharing_enabled":true,"_links":{"self":[{"href":"https:\/\/www.future.at\/blog\/wp-json\/wp\/v2\/pages\/2","targetHints":{"allow":["GET"]}}],"collection":[{"href":"https:\/\/www.future.at\/blog\/wp-json\/wp\/v2\/pages"}],"about":[{"href":"https:\/\/www.future.at\/blog\/wp-json\/wp\/v2\/types\/page"}],"author":[{"embeddable":true,"href":"https:\/\/www.future.at\/blog\/wp-json\/wp\/v2\/users\/6"}],"replies":[{"embeddable":true,"href":"https:\/\/www.future.at\/blog\/wp-json\/wp\/v2\/comments?post=2"}],"version-history":[{"count":4,"href":"https:\/\/www.future.at\/blog\/wp-json\/wp\/v2\/pages\/2\/revisions"}],"predecessor-version":[{"id":771,"href":"https:\/\/www.future.at\/blog\/wp-json\/wp\/v2\/pages\/2\/revisions\/771"}],"wp:attachment":[{"href":"https:\/\/www.future.at\/blog\/wp-json\/wp\/v2\/media?parent=2"}],"wp:term":[{"taxonomy":"author","embeddable":true,"href":"https:\/\/www.future.at\/blog\/wp-json\/wp\/v2\/coauthors?post=2"}],"curies":[{"name":"wp","href":"https:\/\/api.w.org\/{rel}","templated":true}]}}