
{"id":35,"date":"2017-10-12T11:57:20","date_gmt":"2017-10-12T09:57:20","guid":{"rendered":"https:\/\/www.future.at\/blog\/?page_id=35"},"modified":"2023-08-24T08:39:49","modified_gmt":"2023-08-24T06:39:49","slug":"ueber-future","status":"publish","type":"page","link":"https:\/\/www.future.at\/blog\/ueber-future\/","title":{"rendered":"\u00dcber FUTURE"},"content":{"rendered":"<p>FUTURE Training Beratung Coaching ist ein Ausbildungs- und Coachinginstitut sowie Trainer*innennetzwerk mit Fokus auf Leadership- und Unternehmenskulturentwicklung und legt besonderes Augenmerk auf das Potenzial des Einzelnen und die Qualit\u00e4t im Miteinander.<\/p>\n<h2>Trainings- und Coachingexperte seit \u00fcber 30 Jahren<\/h2>\n<p>Die <a href=\"https:\/\/www.future.at\/methode\/\" target=\"_blank\" rel=\"noopener noreferrer\">FUTURE-Methode<\/a> bietet uns die Werkzeuge zur Begleitung von Menschen und Organisationen in ihrer individuellen Entwicklung.<\/p>\n<p>Sie wurde vor mehr als 30 Jahren von <a href=\"https:\/\/www.richtig-gut-leben.net\/wolfgang\/\" target=\"_blank\" rel=\"noopener noreferrer\">Wolfgang Stabentheiner<\/a> im deutschsprachigen Raum begr\u00fcndet und ist eine einzigartige, hocheffektive Methode des Coachings und Trainings. Die Methode erlaubt es den <a href=\"https:\/\/www.future.at\/team\/\" target=\"_blank\" rel=\"noopener noreferrer\">FUTURE-Trainer*innen und Coaches<\/a> die Potenziale und St\u00e4rken von Menschen, aber auch von Organisationen zu heben und in die Wirkung zu bringen.<\/p>\n<h2>Kompetenzzentrum f\u00fcr die Aus- und Weiterbildung von Coaches<\/h2>\n<p>FUTURE-Coaches begleiten Menschen auf professionelle Weise um Klarheit in komplexen Situationen, gro\u00dfen Herausforderungen und Krisen zu erhalten und sie zu meistern. Aber auch um das Bewusstsein zu sch\u00e4rfen und sich pers\u00f6nlich weiter zu entwickeln. Die <a href=\"https:\/\/www.future.at\/coaching\/coaching-akademie\/\" target=\"_blank\" rel=\"noopener noreferrer\">FUTURE-Coaching-Akademie<\/a> ist das Kompetenzzentrum f\u00fcr die Ausbildung zum zertifizierten <a href=\"https:\/\/www.future.at\/coaching\/coaching-akademie\/future-coaching-ausbildung-40\/\" target=\"_blank\" rel=\"noopener noreferrer\">FUTURE-Coach<\/a>. Dort gibt es auch zahlreiche Fortbildungen f\u00fcr Coaches anderer Schulen und eine Weiterbildung zum zertifizierten <a href=\"https:\/\/www.future.at\/coaching\/coaching-akademie\/future-core-coaching-ausbildung\/\" target=\"_blank\" rel=\"noopener noreferrer\">FUTURE-Core-Coach<\/a>. Die einzigartige Technik des Core-Coachings verbindet Gespr\u00e4chs-Coaching mit dem kinesiologischen Muskeltest. Sie ist eine der effektivsten Coaching-Methoden und eignet sich hervorragend zum Selbst-Coaching.<\/p>\n<h2>Wir bilden zukunftsf\u00e4hige Mitarbeiter*innen und F\u00fchrungskr\u00e4fte aus<\/h2>\n<p><a href=\"https:\/\/www.future.at\/training\/\">FUTURE-Trainings<\/a> wirken nachhaltig und langfristig, da sie direkt am Menschen ansetzen und ineinandergreifende Erfolgskompetenzen \u2013 pers\u00f6nliche, soziale, methodische, ethische, F\u00fchrungs- und Zukunftskompetenz \u2013 entwickeln. In den Seminaren der <a href=\"https:\/\/www.future.at\/training\/leadership-akademie\/\" target=\"_blank\" rel=\"noopener noreferrer\">FUTURE-Leadership-Akademie<\/a> entfalten die TeilnehmerInnen ihr Leadership-Potenzial und ihr Charisma und legen den Grundstein zur erfolgreichen F\u00fchrungspers\u00f6nlichkeit.<\/p>\n<p>Alle unsere Dienstleistungen bieten wir auch <a href=\"https:\/\/www.future.at\/training\/inhouse-schulungen\/\" target=\"_blank\" rel=\"noopener noreferrer\">firmenintern<\/a>, speziell auf den Kundenwunsch zugeschnitten, an.<\/p>\n<p>FUTURE Training Beratung Coaching ist ein zertifiziertes Ausbildungsinstitut durch <a href=\"https:\/\/oe-cert.at\/\" target=\"_blank\" rel=\"noopener noreferrer\">\u00d6-CERT<\/a> und dem <a href=\"http:\/\/www.ibe.co.at\/ebqs.html\" target=\"_blank\" rel=\"noopener noreferrer\">Qualit\u00e4tssiegel f\u00fcr Erwachsenenbildung<\/a>. FUTURE ist durch den <a href=\"http:\/\/www.coachfederation.at\" target=\"_blank\" rel=\"noopener noreferrer\">internationalen Coachingverband ICF<\/a>, dem weltweit f\u00fchrenden Coachingverband, als Topausbildungsinstiut zertifiziert.<\/p>\n","protected":false},"excerpt":{"rendered":"<p>FUTURE Training Beratung Coaching ist ein Ausbildungs- und Coachinginstitut sowie Trainer*innennetzwerk mit Fokus auf Leadership- und Unternehmenskulturentwicklung und legt besonderes &hellip; <\/p>\n<p class=\"link-more\"><a href=\"https:\/\/www.future.at\/blog\/ueber-future\/\" class=\"more-link\">Weiterlesen<span class=\"screen-reader-text\"> &#8222;\u00dcber FUTURE&#8220;<\/span><\/a><\/p>\n","protected":false},"author":6,"featured_media":0,"parent":0,"menu_order":0,"comment_status":"closed","ping_status":"closed","template":"","meta":{"footnotes":""},"coauthors":[322],"class_list":["post-35","page","type-page","status-publish","hentry"],"yoast_head":"<!-- This site is optimized with the Yoast SEO plugin v27.5 - https:\/\/yoast.com\/product\/yoast-seo-wordpress\/ -->\n<title>FUTURE-Blog: \u00dcber FUTURE Training Beratung Coaching<\/title>\n<meta name=\"description\" content=\"Trainings- und Coachingexperte seit \u00fcber 25 Jahren: FUTURE Training Beratung Coaching ist ein Ausbildungs- und Coachinginstitut sowie Trainernetzwerk mit Fokus auf Leadership- und Unternehmenskulturentwicklung und legt besonderes Augenmerk auf das Potenzial des Einzelnen und die Qualit\u00e4t im Miteinander.\" \/>\n<meta name=\"robots\" content=\"index, follow, max-snippet:-1, max-image-preview:large, max-video-preview:-1\" \/>\n<link rel=\"canonical\" href=\"https:\/\/www.future.at\/blog\/ueber-future\/\" \/>\n<meta property=\"og:locale\" content=\"de_DE\" \/>\n<meta property=\"og:type\" content=\"article\" \/>\n<meta property=\"og:title\" content=\"FUTURE-Blog: \u00dcber FUTURE Training Beratung Coaching\" \/>\n<meta property=\"og:description\" content=\"Trainings- und Coachingexperte seit \u00fcber 25 Jahren: FUTURE Training Beratung Coaching ist ein Ausbildungs- und Coachinginstitut sowie Trainernetzwerk mit Fokus auf Leadership- und Unternehmenskulturentwicklung und legt besonderes Augenmerk auf das Potenzial des Einzelnen und die Qualit\u00e4t im Miteinander.\" \/>\n<meta property=\"og:url\" content=\"https:\/\/www.future.at\/blog\/ueber-future\/\" \/>\n<meta property=\"og:site_name\" content=\"FUTURE-Blog\" \/>\n<meta property=\"article:publisher\" content=\"https:\/\/www.facebook.com\/FUTURE.at\/\" \/>\n<meta property=\"article:modified_time\" content=\"2023-08-24T06:39:49+00:00\" \/>\n<meta property=\"og:image\" content=\"https:\/\/www.future.at\/blog\/wp-content\/uploads\/2017\/11\/FUTURE-Blog-Willkommen.jpg\" \/>\n\t<meta property=\"og:image:width\" content=\"1200\" \/>\n\t<meta property=\"og:image:height\" content=\"350\" \/>\n\t<meta property=\"og:image:type\" content=\"image\/jpeg\" \/>\n<meta name=\"twitter:card\" content=\"summary_large_image\" \/>\n<meta name=\"twitter:site\" content=\"@FUTURE_GmbH\" \/>\n<meta name=\"twitter:label1\" content=\"Gesch\u00e4tzte Lesezeit\" \/>\n\t<meta name=\"twitter:data1\" content=\"2\u00a0Minuten\" \/>\n\t<meta name=\"twitter:label2\" content=\"Written by\" \/>\n\t<meta name=\"twitter:data2\" content=\"admin\" \/>\n<script type=\"application\/ld+json\" class=\"yoast-schema-graph\">{\"@context\":\"https:\\\/\\\/schema.org\",\"@graph\":[{\"@type\":\"WebPage\",\"@id\":\"https:\\\/\\\/www.future.at\\\/blog\\\/ueber-future\\\/\",\"url\":\"https:\\\/\\\/www.future.at\\\/blog\\\/ueber-future\\\/\",\"name\":\"FUTURE-Blog: \u00dcber FUTURE Training Beratung Coaching\",\"isPartOf\":{\"@id\":\"https:\\\/\\\/www.future.at\\\/blog\\\/#website\"},\"datePublished\":\"2017-10-12T09:57:20+00:00\",\"dateModified\":\"2023-08-24T06:39:49+00:00\",\"description\":\"Trainings- und Coachingexperte seit \u00fcber 25 Jahren: FUTURE Training Beratung Coaching ist ein Ausbildungs- und Coachinginstitut sowie Trainernetzwerk mit Fokus auf Leadership- und Unternehmenskulturentwicklung und legt besonderes Augenmerk auf das Potenzial des Einzelnen und die Qualit\u00e4t im Miteinander.\",\"breadcrumb\":{\"@id\":\"https:\\\/\\\/www.future.at\\\/blog\\\/ueber-future\\\/#breadcrumb\"},\"inLanguage\":\"de\",\"potentialAction\":[{\"@type\":\"ReadAction\",\"target\":[\"https:\\\/\\\/www.future.at\\\/blog\\\/ueber-future\\\/\"]}]},{\"@type\":\"BreadcrumbList\",\"@id\":\"https:\\\/\\\/www.future.at\\\/blog\\\/ueber-future\\\/#breadcrumb\",\"itemListElement\":[{\"@type\":\"ListItem\",\"position\":1,\"name\":\"Home\",\"item\":\"https:\\\/\\\/www.future.at\\\/blog\\\/\"},{\"@type\":\"ListItem\",\"position\":2,\"name\":\"\u00dcber FUTURE\"}]},{\"@type\":\"WebSite\",\"@id\":\"https:\\\/\\\/www.future.at\\\/blog\\\/#website\",\"url\":\"https:\\\/\\\/www.future.at\\\/blog\\\/\",\"name\":\"FUTURE-Blog\",\"description\":\"Inspiration und Impulse zu Leadership, Coaching, Unternehmenskultur und Erwachsenenbildung \u2013 Finden Sie hier Best Practice Beispiele\",\"publisher\":{\"@id\":\"https:\\\/\\\/www.future.at\\\/blog\\\/#organization\"},\"potentialAction\":[{\"@type\":\"SearchAction\",\"target\":{\"@type\":\"EntryPoint\",\"urlTemplate\":\"https:\\\/\\\/www.future.at\\\/blog\\\/?s={search_term_string}\"},\"query-input\":{\"@type\":\"PropertyValueSpecification\",\"valueRequired\":true,\"valueName\":\"search_term_string\"}}],\"inLanguage\":\"de\"},{\"@type\":\"Organization\",\"@id\":\"https:\\\/\\\/www.future.at\\\/blog\\\/#organization\",\"name\":\"FUTURE Training Beratung Coaching GmbH\",\"url\":\"https:\\\/\\\/www.future.at\\\/blog\\\/\",\"logo\":{\"@type\":\"ImageObject\",\"inLanguage\":\"de\",\"@id\":\"https:\\\/\\\/www.future.at\\\/blog\\\/#\\\/schema\\\/logo\\\/image\\\/\",\"url\":\"https:\\\/\\\/www.future.at\\\/blog\\\/wp-content\\\/uploads\\\/2017\\\/11\\\/FUTURE-Logo-klein-RGB.jpg\",\"contentUrl\":\"https:\\\/\\\/www.future.at\\\/blog\\\/wp-content\\\/uploads\\\/2017\\\/11\\\/FUTURE-Logo-klein-RGB.jpg\",\"width\":500,\"height\":179,\"caption\":\"FUTURE Training Beratung Coaching GmbH\"},\"image\":{\"@id\":\"https:\\\/\\\/www.future.at\\\/blog\\\/#\\\/schema\\\/logo\\\/image\\\/\"},\"sameAs\":[\"https:\\\/\\\/www.facebook.com\\\/FUTURE.at\\\/\",\"https:\\\/\\\/x.com\\\/FUTURE_GmbH\",\"https:\\\/\\\/www.linkedin.com\\\/company\\\/future-coaching-academy-international\\\/\",\"https:\\\/\\\/www.youtube.com\\\/channel\\\/UCzdc9s_FUYJx4_rtNvUYNKQ?view_as=subscriber\"]}]}<\/script>\n<!-- \/ Yoast SEO plugin. -->","yoast_head_json":{"title":"FUTURE-Blog: \u00dcber FUTURE Training Beratung Coaching","description":"Trainings- und Coachingexperte seit \u00fcber 25 Jahren: FUTURE Training Beratung Coaching ist ein Ausbildungs- und Coachinginstitut sowie Trainernetzwerk mit Fokus auf Leadership- und Unternehmenskulturentwicklung und legt besonderes Augenmerk auf das Potenzial des Einzelnen und die Qualit\u00e4t im Miteinander.","robots":{"index":"index","follow":"follow","max-snippet":"max-snippet:-1","max-image-preview":"max-image-preview:large","max-video-preview":"max-video-preview:-1"},"canonical":"https:\/\/www.future.at\/blog\/ueber-future\/","og_locale":"de_DE","og_type":"article","og_title":"FUTURE-Blog: \u00dcber FUTURE Training Beratung Coaching","og_description":"Trainings- und Coachingexperte seit \u00fcber 25 Jahren: FUTURE Training Beratung Coaching ist ein Ausbildungs- und Coachinginstitut sowie Trainernetzwerk mit Fokus auf Leadership- und Unternehmenskulturentwicklung und legt besonderes Augenmerk auf das Potenzial des Einzelnen und die Qualit\u00e4t im Miteinander.","og_url":"https:\/\/www.future.at\/blog\/ueber-future\/","og_site_name":"FUTURE-Blog","article_publisher":"https:\/\/www.facebook.com\/FUTURE.at\/","article_modified_time":"2023-08-24T06:39:49+00:00","og_image":[{"width":1200,"height":350,"url":"https:\/\/www.future.at\/blog\/wp-content\/uploads\/2017\/11\/FUTURE-Blog-Willkommen.jpg","type":"image\/jpeg"}],"twitter_card":"summary_large_image","twitter_site":"@FUTURE_GmbH","twitter_misc":{"Gesch\u00e4tzte Lesezeit":"2\u00a0Minuten","Written by":"admin"},"schema":{"@context":"https:\/\/schema.org","@graph":[{"@type":"WebPage","@id":"https:\/\/www.future.at\/blog\/ueber-future\/","url":"https:\/\/www.future.at\/blog\/ueber-future\/","name":"FUTURE-Blog: \u00dcber FUTURE Training Beratung Coaching","isPartOf":{"@id":"https:\/\/www.future.at\/blog\/#website"},"datePublished":"2017-10-12T09:57:20+00:00","dateModified":"2023-08-24T06:39:49+00:00","description":"Trainings- und Coachingexperte seit \u00fcber 25 Jahren: FUTURE Training Beratung Coaching ist ein Ausbildungs- und Coachinginstitut sowie Trainernetzwerk mit Fokus auf Leadership- und Unternehmenskulturentwicklung und legt besonderes Augenmerk auf das Potenzial des Einzelnen und die Qualit\u00e4t im Miteinander.","breadcrumb":{"@id":"https:\/\/www.future.at\/blog\/ueber-future\/#breadcrumb"},"inLanguage":"de","potentialAction":[{"@type":"ReadAction","target":["https:\/\/www.future.at\/blog\/ueber-future\/"]}]},{"@type":"BreadcrumbList","@id":"https:\/\/www.future.at\/blog\/ueber-future\/#breadcrumb","itemListElement":[{"@type":"ListItem","position":1,"name":"Home","item":"https:\/\/www.future.at\/blog\/"},{"@type":"ListItem","position":2,"name":"\u00dcber FUTURE"}]},{"@type":"WebSite","@id":"https:\/\/www.future.at\/blog\/#website","url":"https:\/\/www.future.at\/blog\/","name":"FUTURE-Blog","description":"Inspiration und Impulse zu Leadership, Coaching, Unternehmenskultur und Erwachsenenbildung \u2013 Finden Sie hier Best Practice Beispiele","publisher":{"@id":"https:\/\/www.future.at\/blog\/#organization"},"potentialAction":[{"@type":"SearchAction","target":{"@type":"EntryPoint","urlTemplate":"https:\/\/www.future.at\/blog\/?s={search_term_string}"},"query-input":{"@type":"PropertyValueSpecification","valueRequired":true,"valueName":"search_term_string"}}],"inLanguage":"de"},{"@type":"Organization","@id":"https:\/\/www.future.at\/blog\/#organization","name":"FUTURE Training Beratung Coaching GmbH","url":"https:\/\/www.future.at\/blog\/","logo":{"@type":"ImageObject","inLanguage":"de","@id":"https:\/\/www.future.at\/blog\/#\/schema\/logo\/image\/","url":"https:\/\/www.future.at\/blog\/wp-content\/uploads\/2017\/11\/FUTURE-Logo-klein-RGB.jpg","contentUrl":"https:\/\/www.future.at\/blog\/wp-content\/uploads\/2017\/11\/FUTURE-Logo-klein-RGB.jpg","width":500,"height":179,"caption":"FUTURE Training Beratung Coaching GmbH"},"image":{"@id":"https:\/\/www.future.at\/blog\/#\/schema\/logo\/image\/"},"sameAs":["https:\/\/www.facebook.com\/FUTURE.at\/","https:\/\/x.com\/FUTURE_GmbH","https:\/\/www.linkedin.com\/company\/future-coaching-academy-international\/","https:\/\/www.youtube.com\/channel\/UCzdc9s_FUYJx4_rtNvUYNKQ?view_as=subscriber"]}]}},"jetpack_shortlink":"https:\/\/wp.me\/P9f2Ut-z","jetpack_sharing_enabled":true,"_links":{"self":[{"href":"https:\/\/www.future.at\/blog\/wp-json\/wp\/v2\/pages\/35","targetHints":{"allow":["GET"]}}],"collection":[{"href":"https:\/\/www.future.at\/blog\/wp-json\/wp\/v2\/pages"}],"about":[{"href":"https:\/\/www.future.at\/blog\/wp-json\/wp\/v2\/types\/page"}],"author":[{"embeddable":true,"href":"https:\/\/www.future.at\/blog\/wp-json\/wp\/v2\/users\/6"}],"replies":[{"embeddable":true,"href":"https:\/\/www.future.at\/blog\/wp-json\/wp\/v2\/comments?post=35"}],"version-history":[{"count":30,"href":"https:\/\/www.future.at\/blog\/wp-json\/wp\/v2\/pages\/35\/revisions"}],"predecessor-version":[{"id":2766,"href":"https:\/\/www.future.at\/blog\/wp-json\/wp\/v2\/pages\/35\/revisions\/2766"}],"wp:attachment":[{"href":"https:\/\/www.future.at\/blog\/wp-json\/wp\/v2\/media?parent=35"}],"wp:term":[{"taxonomy":"author","embeddable":true,"href":"https:\/\/www.future.at\/blog\/wp-json\/wp\/v2\/coauthors?post=35"}],"curies":[{"name":"wp","href":"https:\/\/api.w.org\/{rel}","templated":true}]}}